{"id":39,"date":"2023-03-20T12:56:37","date_gmt":"2023-03-20T11:56:37","guid":{"rendered":"https:\/\/produkte-staging.blutspende-basel.ch\/?page_id=39"},"modified":"2026-01-26T14:33:36","modified_gmt":"2026-01-26T13:33:36","slug":"anleitung","status":"publish","type":"page","link":"https:\/\/produkte.blutspende-basel.ch\/index.php\/anleitung\/","title":{"rendered":"Anleitung f\u00fcr Bestellungen"},"content":{"rendered":"\n<p><\/p>\n\n\n\n<h4 class=\"wp-block-heading has-vivid-red-color has-text-color\">Bestellung der Produkte<\/h4>\n\n\n\n<p>Sie k\u00f6nnen maximal 3 x 9 mL Blut pro Tag bestellen. Das sind drei Einheiten pro Tag. Jedes Produkt gilt als eine Einheit. Ihre Bestellung muss bis sp\u00e4testens 15.30 Uhr f\u00fcr den \u00fcbern\u00e4chsten Arbeitstag der gew\u00fcnschten Auslieferung \u00fcber diesen Shop erfolgen. Angaben betreffend Alter und Geschlecht oder mehrere Blutr\u00f6hrchen von der selben Person k\u00f6nnen Sie im letzten Schritt des Bestellvorgangs angeben. W\u00fcnsche \u00fcber Geschlecht und Alter k\u00f6nnen nicht ber\u00fccksichtigt werden.<\/p>\n\n\n\n<p>Sie k\u00f6nnen maximal 2 Buffy Coats pro Tag bestellen. <\/p>\n\n\n\n<h4 class=\"wp-block-heading has-vivid-red-color has-text-color\">Abholung der Produkte<\/h4>\n\n\n\n<p>Ihre Bestellung kann ausschliesslich zwischen 14.30 und 15.30 Uhr bei uns im Blutspendezentrum abgeholt werden. Ausserhalb dieser Zeit werden keine Produkte ausgegeben. Zeitw\u00fcnsche k\u00f6nnen wir nicht ber\u00fccksichtigen.<br>Bei Fragen, kontaktieren Sie uns ausschliesslich per E-Mail: <a href=\"mailto:produkte@blutspende-basel.ch\" target=\"_blank\" rel=\"noreferrer noopener\">info@blutspende-nw.ch<\/a><\/p>\n\n\n\n<h4 class=\"wp-block-heading has-vivid-red-color has-text-color\">Forschungseigene Spezialr\u00f6hrchen<\/h4>\n\n\n\n<p>Sie haben die M\u00f6glichkeit, forschungseigene Spezialr\u00f6hrchen bei uns im Zentrum vorbeizubringen. Diese m\u00fcssen nach einer Terminabsprache im Vorfeld zur Testung bei uns vorbeigebracht werden.<\/p>\n\n\n\n<h4 class=\"wp-block-heading has-vivid-red-color has-text-color\">Bitte nehmen Sie unbedingt folgendes zur Kenntnis:<\/h4>\n\n\n\n<p><strong>Keine Liefergarantie<\/strong><br>Wir k\u00f6nnen die Lieferung der bestellten Blutproben nicht garantieren. Die lieferbare Menge ist zum einen direkt abh\u00e4ngig von der Anzahl Blutspender:innen, die am jeweiligen Tag zur Blutspende kommen und zum anderen von deren Einverst\u00e4ndnis f\u00fcr die Blutentnahme zu Forschungszwecken.<\/p>\n\n\n\n<p><strong>Empfangsbest\u00e4tigung und allf\u00e4llige Storno-Benachrichtigung<\/strong><br>Nach erfolgter Bestellung erhalten Sie von uns eine Empfangsbest\u00e4tigung. Diese garantiert noch nicht, dass wir die bestellten Produkte liefern k\u00f6nnen. Sofern wir nicht liefern k\u00f6nnen, wird der Bestellvorgang von unserer Seite her storniert. Sie erhalten eine Storno-Benachrichtigung. K\u00f6nnen wir jedoch liefern, erhalten Sie eine Best\u00e4tigung (Abgeschlossen).<\/p>\n\n\n\n<p><strong>Bestelltage<\/strong><br>Montag bis Donnerstag<br>Bestellungen vom Freitag werden am Montag bearbeitet.<br>Samstags, sonntags sowie Feiertage nehmen wir keine Bestellungen an.<br>Buffy Coats k\u00f6nnen fr\u00fchestens am \u00fcbern\u00e4chsten Tag nach einem Feiertag bestellt werden.<\/p>\n\n\n\n<p><\/p>\n\n\n\n<p><\/p>\n\n\n\n<p><\/p>\n\n\n\n<p><strong>Kaufpreis und zus\u00e4tzliche Kosten<\/strong><br>Der Kaufpreis ergibt sich aus Ihrer Bestellung aus diesem Shop. Allf\u00e4llige Kosten f\u00fcr Steuern (bspw. Umsatzsteuer, MwSt), Z\u00f6lle, Versand-, Verpackungs-, Transport- und Versicherungskosten etc. sind in den Preisen nicht inbegriffen und sind vollumf\u00e4nglich vom Kunden zu tragen. Verpackung und allf\u00e4llige Transporthilfsmittel werden nicht zur\u00fcckgenommen. Die Kosten f\u00fcr die Entsorgung von Verpackungsmaterial gehen zu Lasten des Kunden. Nicht vorhersehbare Erh\u00f6hungen solcher Kosten nach Vertragsabschluss gehen ebenfalls zu Lasten des Kunden.<\/p>\n\n\n\n<p><strong>Stornierungen von Bestellungen<\/strong><br>Stornierungen von Bestellungen m\u00fcssen uns bis mind. 2 Arbeitstage vor dem Liefertag per E-Mail an<br><a href=\"mailto:produkte@blutspende-basel.ch\" target=\"_blank\" rel=\"noreferrer noopener\"><\/a><a href=\"mailto:produkte@blutspende-basel.ch\" target=\"_blank\" rel=\"noreferrer noopener\">info@blutspende-nw.ch<\/a> mitgeteilt werden. Sp\u00e4ter eintreffende Stornierungen sowie auch nicht abgeholte Bestellungen werden verrechnet.<\/p>\n\n\n\n<p><\/p>\n","protected":false},"excerpt":{"rendered":"<p>Bestellung der Produkte Sie k\u00f6nnen maximal 3 x 9 mL Blut pro Tag bestellen. Das sind drei Einheiten pro Tag. Jedes Produkt gilt als eine Einheit. Ihre Bestellung muss bis sp\u00e4testens 15.30 Uhr f\u00fcr den \u00fcbern\u00e4chsten Arbeitstag der gew\u00fcnschten Auslieferung \u00fcber diesen Shop erfolgen. Angaben betreffend Alter und Geschlecht oder mehrere Blutr\u00f6hrchen von der selben [&hellip;]<\/p>\n","protected":false},"author":1,"featured_media":0,"parent":0,"menu_order":0,"comment_status":"closed","ping_status":"closed","template":"","meta":{"_acf_changed":false,"footnotes":""},"class_list":["post-39","page","type-page","status-publish","hentry"],"acf":[],"_links":{"self":[{"href":"https:\/\/produkte.blutspende-basel.ch\/index.php\/wp-json\/wp\/v2\/pages\/39","targetHints":{"allow":["GET"]}}],"collection":[{"href":"https:\/\/produkte.blutspende-basel.ch\/index.php\/wp-json\/wp\/v2\/pages"}],"about":[{"href":"https:\/\/produkte.blutspende-basel.ch\/index.php\/wp-json\/wp\/v2\/types\/page"}],"author":[{"embeddable":true,"href":"https:\/\/produkte.blutspende-basel.ch\/index.php\/wp-json\/wp\/v2\/users\/1"}],"replies":[{"embeddable":true,"href":"https:\/\/produkte.blutspende-basel.ch\/index.php\/wp-json\/wp\/v2\/comments?post=39"}],"version-history":[{"count":16,"href":"https:\/\/produkte.blutspende-basel.ch\/index.php\/wp-json\/wp\/v2\/pages\/39\/revisions"}],"predecessor-version":[{"id":3280,"href":"https:\/\/produkte.blutspende-basel.ch\/index.php\/wp-json\/wp\/v2\/pages\/39\/revisions\/3280"}],"wp:attachment":[{"href":"https:\/\/produkte.blutspende-basel.ch\/index.php\/wp-json\/wp\/v2\/media?parent=39"}],"curies":[{"name":"wp","href":"https:\/\/api.w.org\/{rel}","templated":true}]}}