{"id":602,"date":"2024-03-21T09:27:11","date_gmt":"2024-03-21T08:27:11","guid":{"rendered":"https:\/\/produkte.blutspende-basel.ch\/?post_type=product&#038;p=602"},"modified":"2025-11-20T11:52:40","modified_gmt":"2025-11-20T10:52:40","slug":"blutroehrchen-nur-durch-uns-akzeptierte","status":"publish","type":"product","link":"https:\/\/produkte.blutspende-basel.ch\/index.php\/produkt\/blutroehrchen-nur-durch-uns-akzeptierte\/","title":{"rendered":"Blutr\u00f6hrchen (nur durch uns akzeptierte)"},"content":{"rendered":"<p>Sie k\u00f6nnen maximal 3 Blutr\u00f6hrchen pro Tag bestellen. Das sind drei Einheiten pro Tag. Jedes Produkt gilt als eine Einheit.<\/p>\n","protected":false},"excerpt":{"rendered":"<p>Blutr\u00f6hrchen m\u00fcssen durch uns akzeptiert und vorg\u00e4ngig an uns geliefert werden.<\/p>\n<p>Sie k\u00f6nnen maximal 3 R\u00f6hrchen pro Tag bestellen. Das sind drei Einheiten pro Tag. Jedes Produkt gilt als eine Einheit.<\/p>\n","protected":false},"featured_media":275,"template":"","meta":{"_acf_changed":false},"product_brand":[],"product_cat":[28,15],"product_tag":[33],"class_list":{"0":"post-602","1":"product","2":"type-product","3":"status-publish","4":"has-post-thumbnail","6":"product_cat-kat-blutroehrchen","7":"product_cat-forschungsprodukte","8":"product_tag-blutroehrchen","10":"first","11":"instock","12":"taxable","13":"shipping-taxable","14":"purchasable","15":"product-type-simple"},"acf":[],"_links":{"self":[{"href":"https:\/\/produkte.blutspende-basel.ch\/index.php\/wp-json\/wp\/v2\/product\/602","targetHints":{"allow":["GET"]}}],"collection":[{"href":"https:\/\/produkte.blutspende-basel.ch\/index.php\/wp-json\/wp\/v2\/product"}],"about":[{"href":"https:\/\/produkte.blutspende-basel.ch\/index.php\/wp-json\/wp\/v2\/types\/product"}],"wp:featuredmedia":[{"embeddable":true,"href":"https:\/\/produkte.blutspende-basel.ch\/index.php\/wp-json\/wp\/v2\/media\/275"}],"wp:attachment":[{"href":"https:\/\/produkte.blutspende-basel.ch\/index.php\/wp-json\/wp\/v2\/media?parent=602"}],"wp:term":[{"taxonomy":"product_brand","embeddable":true,"href":"https:\/\/produkte.blutspende-basel.ch\/index.php\/wp-json\/wp\/v2\/product_brand?post=602"},{"taxonomy":"product_cat","embeddable":true,"href":"https:\/\/produkte.blutspende-basel.ch\/index.php\/wp-json\/wp\/v2\/product_cat?post=602"},{"taxonomy":"product_tag","embeddable":true,"href":"https:\/\/produkte.blutspende-basel.ch\/index.php\/wp-json\/wp\/v2\/product_tag?post=602"}],"curies":[{"name":"wp","href":"https:\/\/api.w.org\/{rel}","templated":true}]}}